{"id":123,"date":"2025-10-14T23:48:34","date_gmt":"2025-10-14T21:48:34","guid":{"rendered":"https:\/\/www.velonomie.be\/?page_id=123"},"modified":"2026-03-11T11:12:57","modified_gmt":"2026-03-11T10:12:57","slug":"la-velonomie","status":"publish","type":"page","link":"https:\/\/www.velonomie.be\/","title":{"rendered":"La V\u00e9lonomie"},"content":{"rendered":"<div id=\"sp-page\" class=\"spBgcover sp-content-1\" style=\"background-color: rgb(255, 255, 255); font-family: 'Helvetica Neue', Arial, sans-serif; font-weight: 400;\">\n<section id=\"sp-ks8a8s\" data-mobile-visibility=\"#sp-ks8a8s|false\" data-tablet-visibility=\"#sp-ks8a8s|false\" data-desktop-visibility=\"#sp-ks8a8s|false\" data-mobile-css=\"\" data-tablet-css=\"\" class=\"sp-el-section \" style=\"width: 100%; max-width: 100%; padding: 10px;\">\n<div id=\"sp-vw3kvy\" data-mobile-visibility=\"#sp-vw3kvy|false\" data-tablet-visibility=\"#sp-vw3kvy|false\" data-desktop-visibility=\"#sp-vw3kvy|false\" data-mobile-css=\"\" data-tablet-css=\"\" class=\"sp-el-row sp-w-full  sp-m-auto sm:sp-flex sp-justify-between\" style=\"padding: 0px;\">\n<div id=\"sp-ntmbe7\" data-mobile-visibility=\"#sp-ntmbe7|false\" data-tablet-visibility=\"#sp-ntmbe7|false\" data-desktop-visibility=\"#sp-ntmbe7|false\" data-mobile-css=\"\" data-tablet-css=\"\" class=\"sp-el-col  sp-w-full\" style=\"width: calc(35% + 0px);\">\n<figure id=\"sp-uhx86u\" data-mobile-css=\"#sp-uhx86u|text-align:center;\" data-tablet-css=\"#sp-uhx86u|text-align:center;\" class=\"sp-image-wrapper sp-el-block\" style=\"margin: 0px; text-align: center;\">\n<div><span><img loading=\"lazy\" decoding=\"async\" src=\"\/\/www.velonomie.be\/wp-content\/uploads\/2024\/11\/LaVelonomie_be_Logo.png\" alt=\"La Velonomie logo png\" width=\"1128\" height=\"253\" data-dynamic-tag=\"\" data-image-src=\"wpmedia\" data-mobile-visibility=\".sp-image-block-uhx86u|false\" data-tablet-visibility=\".sp-image-block-uhx86u|false\" data-desktop-visibility=\".sp-image-block-uhx86u|false\" srcset=\" \/\/www.velonomie.be\/wp-content\/uploads\/2024\/11\/LaVelonomie_be_Logo-150x150.png 150w, \/\/www.velonomie.be\/wp-content\/uploads\/2024\/11\/LaVelonomie_be_Logo-300x67.png 300w, \/\/www.velonomie.be\/wp-content\/uploads\/2024\/11\/LaVelonomie_be_Logo-1024x230.png 750w, \/\/www.velonomie.be\/wp-content\/uploads\/2024\/11\/LaVelonomie_be_Logo.png 1128w\" class=\"sp-image-block-uhx86u custom-preview-class\" style=\"width: 1128px;\"><\/span><\/div>\n<div id=\"sp-image-dynamic-tags-js-uhx86u\"><script>jQuery(function() { image_dynamic_tags('uhx86u' );});<\/script><\/div>\n<\/figure>\n<\/div>\n<div id=\"sp-irwf3n\" data-mobile-visibility=\"#sp-irwf3n|false\" data-tablet-visibility=\"#sp-irwf3n|false\" data-desktop-visibility=\"#sp-irwf3n|false\" data-mobile-css=\"\" data-tablet-css=\"\" class=\"sp-el-col  sp-w-full\" style=\"width: calc(65% + 0px);\"><\/div>\n<\/div>\n<div id=\"sp-o6hiow\" data-mobile-visibility=\"#sp-o6hiow|false\" data-tablet-visibility=\"#sp-o6hiow|false\" data-desktop-visibility=\"#sp-o6hiow|false\" data-mobile-css=\"\" data-tablet-css=\"\" class=\"sp-el-row sp-w-full  sp-m-auto sm:sp-flex sp-justify-between\" style=\"padding: 0px;\">\n<div id=\"sp-u4osgv\" data-mobile-visibility=\"#sp-u4osgv|false\" data-tablet-visibility=\"#sp-u4osgv|false\" data-desktop-visibility=\"#sp-u4osgv|false\" data-mobile-css=\"\" data-tablet-css=\"\" class=\"sp-el-col  sp-w-full\" style=\"width: calc(85% + 0px);\">\n<div id=\"sp-cgvcb5\" data-mobile-css=\".sp-text-wrapper-cgvcb5, #sp-cgvcb5, #cgvcb5|text-align:left;\" data-tablet-css=\".sp-text-wrapper-cgvcb5, #sp-cgvcb5, #cgvcb5|text-align:left;\" data-mobile-visibility=\".sp-text-wrapper-cgvcb5|false\" data-tablet-visibility=\".sp-text-wrapper-cgvcb5|false\" data-desktop-visibility=\".sp-text-wrapper-cgvcb5|false\" class=\"sp-css-target sp-text-wrapper sp-el-block sp-text-block-style sp-text-wrapper-cgvcb5\" style=\"font-size: 12px; font-family: Comfortaa; margin: 0px; text-align: left;\">\n<p>Cultiver l&rsquo;autonomie m\u00e9canique<br \/>Ateliers de proximit\u00e9 &amp; escapades<\/p>\n<p>Ici, on essaie, on r\u00e9pare et on tombe amoureux des <a href=\"https:\/\/www.jeanfourche.fr\" target=\"_blank\" rel=\"noopener\">Jean Fourche<\/a>.<\/p>\n<p>On ressuscite aussi toutes les batteries \u00e0 neuf (oui, m\u00eame Bosch)<\/p>\n<p>4000 Li\u00e8ge \u2022 Theux \u2022 Wallonie \u2022 BE<\/p>\n<p>youpie@velonomie.be<br \/>+32 494 68 68 67<br \/>ASBL | BE1016974922<\/p>\n<\/div>\n<\/div>\n<div id=\"sp-j94o1k\" data-mobile-visibility=\"#sp-j94o1k|false\" data-tablet-visibility=\"#sp-j94o1k|false\" data-desktop-visibility=\"#sp-j94o1k|false\" data-mobile-css=\"\" data-tablet-css=\"\" class=\"sp-el-col  sp-w-full\" style=\"width: calc(65% + 0px);\">\n<figure id=\"sp-id9bzx\" data-mobile-css=\"#sp-id9bzx|text-align:center;\" data-tablet-css=\"#sp-id9bzx|text-align:center;\" class=\"sp-image-wrapper sp-el-block\" style=\"margin: 0px; text-align: center;\">\n<div><span><img loading=\"lazy\" decoding=\"async\" src=\"\/\/www.velonomie.be\/wp-content\/uploads\/2025\/10\/2025_LV_icones-landing-page.jpg\" alt=\"La V\u00e9lonomie Li\u00e8ge Jean Fourche\" width=\"945\" height=\"204\" data-dynamic-tag=\"\" data-image-src=\"wpmedia\" data-mobile-visibility=\".sp-image-block-id9bzx|false\" data-tablet-visibility=\".sp-image-block-id9bzx|false\" data-desktop-visibility=\".sp-image-block-id9bzx|false\" srcset=\" \/\/www.velonomie.be\/wp-content\/uploads\/2025\/10\/2025_LV_icones-landing-page-150x150.jpg 150w, \/\/www.velonomie.be\/wp-content\/uploads\/2025\/10\/2025_LV_icones-landing-page-300x65.jpg 300w, \/\/www.velonomie.be\/wp-content\/uploads\/2025\/10\/2025_LV_icones-landing-page.jpg 945w\" class=\"sp-image-block-id9bzx custom-preview-class\" style=\"width: 945px;\"><\/span><\/div>\n<div id=\"sp-image-dynamic-tags-js-id9bzx\"><script>jQuery(function() { image_dynamic_tags('id9bzx' );});<\/script><\/div>\n<\/figure>\n<div id=\"sp-otan88\" data-mobile-css=\".sp-text-wrapper-otan88, #sp-otan88, #otan88|text-align:left;\" data-tablet-css=\".sp-text-wrapper-otan88, #sp-otan88, #otan88|text-align:left;\" data-mobile-visibility=\".sp-text-wrapper-otan88|false\" data-tablet-visibility=\".sp-text-wrapper-otan88|false\" data-desktop-visibility=\".sp-text-wrapper-otan88|false\" class=\"sp-css-target sp-text-wrapper sp-el-block sp-text-block-style sp-text-wrapper-otan88\" style=\"font-size: 12px; font-family: Comfortaa; margin: 0px; text-align: left;\">\n<p style=\"text-align: right;\">On vous diffuse des nouvelles \u00e0 un rythme impr\u00e9visible&nbsp;<\/p>\n<\/div>\n<div id=\"sp-xvrt73\" data-mobile-visibility=\".sp-custom-html-block-xvrt73|false\" data-tablet-visibility=\".sp-custom-html-block-xvrt73|false\" data-desktop-visibility=\".sp-custom-html-block-xvrt73|false\" data-mobile-css=\"\" data-tablet-css=\"\" class=\"sp-code-wrapper sp-el-block sp-custom-html-block-xvrt73\" style=\"margin: 0px;\">\n<div class=\"sp-html sp-html-code\"><!-- Formulaire Brevo parfaitement align\u00e9 \u00e0 droite --><\/p>\n<div style=\"position:relative; top:-49px; margin-bottom:-74px;\">\n<div style=\"width:540px; max-width:100%; position:relative; left:calc(100% - 540px);\">\n    <iframe loading=\"lazy\" width=\"540\" height=\"210\" src=\"https:\/\/07a8b8ea.sibforms.com\/serve\/MUIFAAl5AJqEfdUQZYI-gf61Fd7fj4Sa0eMymP-iEhhrX2_ESkfVn4qpfyOPdRboWJjdknsjBx0STJJTapnWZHOvqU4L8bF4bVl8tvUNBAnOiZl2P_0-sm97GOwVp4yRBQeHPUg49OJVBCiNSnIWL7fsWN2T19E4321JOc0L7E_3NaJ45_cXLlJveL864eL8kyfLV7UaYGw5HZsE\" frameborder=\"0\" scrolling=\"no\" allowfullscreen=\"\" style=\"border:0; display:block; width:100%; height:210px; line-height:0; margin:0;\"><\/iframe>\n  <\/div>\n<style>\n    \/* Responsive : centre le formulaire sur mobile *\/\n    @media (max-width: 768px) {\n      div[style*='left:calc'] {\n        left: 0 !important;\n        margin: 0 auto !important;\n      }\n    }\n  <\/style>\n<\/div>\n<\/div>\n<\/div>\n<\/div>\n<\/div>\n<div id=\"sp-h91xxo\" data-mobile-visibility=\"#sp-h91xxo|false\" data-tablet-visibility=\"#sp-h91xxo|false\" data-desktop-visibility=\"#sp-h91xxo|false\" data-mobile-css=\"\" data-tablet-css=\"\" class=\"sp-el-row sp-w-full  sp-m-auto sp-justify-between sp-flex sp-flex-row sp-items-center\" style=\"width: auto; max-width: 980px;\">\n<div id=\"sp-cfhu2u\" data-mobile-visibility=\"#sp-cfhu2u|false\" data-tablet-visibility=\"#sp-cfhu2u|false\" data-desktop-visibility=\"#sp-cfhu2u|false\" data-mobile-css=\"\" data-tablet-css=\"\" class=\"sp-el-col  sp-w-full\" style=\"width: calc(25% + 0px);\"><\/div>\n<div id=\"sp-s84g8v\" data-mobile-visibility=\"#sp-s84g8v|false\" data-tablet-visibility=\"#sp-s84g8v|false\" data-desktop-visibility=\"#sp-s84g8v|false\" data-mobile-css=\"\" data-tablet-css=\"\" class=\"sp-el-col  sp-w-full\" style=\"width: calc(25% + 0px);\">\n<figure id=\"sp-tb188r\" data-mobile-css=\"#sp-tb188r|text-align:center;\" data-tablet-css=\"#sp-tb188r|text-align:center;\" class=\"sp-image-wrapper sp-el-block\" style=\"margin: 0px; text-align: right;\">\n<div><span><a href=\"https:\/\/wa.me\/32494686867?text=Coucou%20La%20V\u00e9lonomie%20!\" target=\"_blank\" rel=\"\" class=\"sp-inline-block\"><img loading=\"lazy\" decoding=\"async\" src=\"\/\/www.velonomie.be\/wp-content\/uploads\/2025\/10\/ab299a0a-de02-4a7e-81d1-a19196216bb9.png\" alt=\"watsapp La V\u00e9lonomie Li\u00e8ge\" width=\"1024\" height=\"1024\" srcset=\" \/\/www.velonomie.be\/wp-content\/uploads\/2025\/10\/ab299a0a-de02-4a7e-81d1-a19196216bb9-150x150.png 150w, \/\/www.velonomie.be\/wp-content\/uploads\/2025\/10\/ab299a0a-de02-4a7e-81d1-a19196216bb9-300x300.png 300w, \/\/www.velonomie.be\/wp-content\/uploads\/2025\/10\/ab299a0a-de02-4a7e-81d1-a19196216bb9.png 1024w\" data-mobile-visibility=\".sp-image-block-tb188r|false\" data-tablet-visibility=\".sp-image-block-tb188r|false\" data-desktop-visibility=\".sp-image-block-tb188r|false\" class=\"sp-image-block-tb188r\" style=\"width: 150px;\"><\/a><\/span><\/div>\n<div id=\"sp-image-dynamic-tags-js-tb188r\"><script>jQuery(function() { image_dynamic_tags('tb188r' );});<\/script><\/div>\n<\/figure>\n<\/div>\n<div id=\"sp-ra0pit\" data-mobile-visibility=\"#sp-ra0pit|false\" data-tablet-visibility=\"#sp-ra0pit|false\" data-desktop-visibility=\"#sp-ra0pit|false\" data-mobile-css=\"\" data-tablet-css=\"\" class=\"sp-el-col  sp-w-full\" style=\"width: calc(25% + 0px);\">\n<figure id=\"sp-w0k56c\" data-mobile-css=\"#sp-w0k56c|text-align:center;\" data-tablet-css=\"#sp-w0k56c|text-align:center;\" class=\"sp-image-wrapper sp-el-block\" style=\"margin: 0px; text-align: left;\">\n<div><span><a href=\"https:\/\/www.instagram.com\/la_velonomie\/\" target=\"_blank\" rel=\"\" class=\"sp-inline-block\"><img loading=\"lazy\" decoding=\"async\" src=\"\/\/www.velonomie.be\/wp-content\/uploads\/2025\/10\/2025_LV_icone_instagram.png\" alt=\"La V\u00e9lonomie Li\u00e8ge Instagram\" width=\"1024\" height=\"1024\" srcset=\" \/\/www.velonomie.be\/wp-content\/uploads\/2025\/10\/2025_LV_icone_instagram-150x150.png 150w, \/\/www.velonomie.be\/wp-content\/uploads\/2025\/10\/2025_LV_icone_instagram-300x300.png 300w, \/\/www.velonomie.be\/wp-content\/uploads\/2025\/10\/2025_LV_icone_instagram.png 1024w\" data-mobile-visibility=\".sp-image-block-w0k56c|false\" data-tablet-visibility=\".sp-image-block-w0k56c|false\" data-desktop-visibility=\".sp-image-block-w0k56c|false\" class=\"sp-image-block-w0k56c\" style=\"width: 70px;\"><\/a><\/span><\/div>\n<div id=\"sp-image-dynamic-tags-js-w0k56c\"><script>jQuery(function() { image_dynamic_tags('w0k56c' );});<\/script><\/div>\n<\/figure>\n<\/div>\n<div id=\"sp-wdelik\" data-mobile-visibility=\"#sp-wdelik|false\" data-tablet-visibility=\"#sp-wdelik|false\" data-desktop-visibility=\"#sp-wdelik|false\" data-mobile-css=\"\" data-tablet-css=\"\" class=\"sp-el-col  sp-w-full\" style=\"width: calc(25% + 0px);\"><\/div>\n<\/div>\n<div id=\"sp-xr4132\" data-mobile-visibility=\"#sp-xr4132|false\" data-tablet-visibility=\"#sp-xr4132|false\" data-desktop-visibility=\"#sp-xr4132|false\" data-mobile-css=\"\" data-tablet-css=\"\" class=\"sp-el-row sp-w-full  sp-m-auto sm:sp-flex sp-justify-between\" style=\"margin-top: 0px;\">\n<div id=\"sp-w1i6w8\" data-mobile-visibility=\"#sp-w1i6w8|false\" data-tablet-visibility=\"#sp-w1i6w8|false\" data-desktop-visibility=\"#sp-w1i6w8|false\" data-mobile-css=\"\" data-tablet-css=\"\" class=\"sp-el-col  sp-w-full\" style=\"width: calc(100% + 0px);\">\n<div id=\"sp-w888eb\" data-mobile-visibility=\".sp-custom-html-block-w888eb|false\" data-tablet-visibility=\".sp-custom-html-block-w888eb|false\" data-desktop-visibility=\".sp-custom-html-block-w888eb|false\" data-mobile-css=\"\" data-tablet-css=\"\" class=\"sp-code-wrapper sp-el-block sp-custom-html-block-w888eb\" style=\"margin: 0px;\">\n<div class=\"sp-html sp-html-code\"><!-- LightWidget WIDGET --><script src=\"https:\/\/cdn.lightwidget.com\/widgets\/lightwidget.js\"><\/script><iframe src=\"https:\/\/cdn.lightwidget.com\/widgets\/2d5219b2d0c558cca46fecf4e218ffab.html\" scrolling=\"no\" allowtransparency=\"true\" class=\"lightwidget-widget\" style=\"width:100%;border:0;overflow:hidden;\"><\/iframe><\/div>\n<\/div>\n<\/div>\n<\/div>\n<\/section>\n<\/div>\n","protected":false},"excerpt":{"rendered":"<p>Cultiver l&rsquo;autonomie m\u00e9caniqueAteliers de proximit\u00e9 &amp; escapades Ici, on essaie, on r\u00e9pare et on tombe amoureux des Jean Fourche. On ressuscite aussi toutes les batteries \u00e0 neuf (oui, m\u00eame Bosch) 4000 Li\u00e8ge \u2022 Theux \u2022 Wallonie \u2022 BE youpie@velonomie.be+32 494 68 68 67ASBL | BE1016974922 On vous diffuse des nouvelles \u00e0 un rythme impr\u00e9visible&nbsp;<\/p>\n","protected":false},"author":2,"featured_media":0,"parent":0,"menu_order":0,"comment_status":"closed","ping_status":"closed","template":"","meta":{"footnotes":""},"class_list":["post-123","page","type-page","status-publish","hentry","entry"],"_links":{"self":[{"href":"https:\/\/www.velonomie.be\/index.php?rest_route=\/wp\/v2\/pages\/123","targetHints":{"allow":["GET"]}}],"collection":[{"href":"https:\/\/www.velonomie.be\/index.php?rest_route=\/wp\/v2\/pages"}],"about":[{"href":"https:\/\/www.velonomie.be\/index.php?rest_route=\/wp\/v2\/types\/page"}],"author":[{"embeddable":true,"href":"https:\/\/www.velonomie.be\/index.php?rest_route=\/wp\/v2\/users\/2"}],"replies":[{"embeddable":true,"href":"https:\/\/www.velonomie.be\/index.php?rest_route=%2Fwp%2Fv2%2Fcomments&post=123"}],"version-history":[{"count":46,"href":"https:\/\/www.velonomie.be\/index.php?rest_route=\/wp\/v2\/pages\/123\/revisions"}],"predecessor-version":[{"id":192,"href":"https:\/\/www.velonomie.be\/index.php?rest_route=\/wp\/v2\/pages\/123\/revisions\/192"}],"wp:attachment":[{"href":"https:\/\/www.velonomie.be\/index.php?rest_route=%2Fwp%2Fv2%2Fmedia&parent=123"}],"curies":[{"name":"wp","href":"https:\/\/api.w.org\/{rel}","templated":true}]}}